{"id":347,"date":"2025-05-23T12:00:09","date_gmt":"2025-05-23T12:00:09","guid":{"rendered":"https:\/\/asneristennis.fr\/?page_id=347"},"modified":"2025-06-28T10:38:08","modified_gmt":"2025-06-28T10:38:08","slug":"contacts","status":"publish","type":"page","link":"https:\/\/asneristennis.fr\/index.php\/contacts\/","title":{"rendered":"Contacts"},"content":{"rendered":"\n<figure class=\"wp-block-image size-full\"><img loading=\"lazy\" decoding=\"async\" width=\"315\" height=\"305\" src=\"https:\/\/asneristennis.fr\/wp-content\/uploads\/2025\/06\/Michel_Albert.png\" alt=\"\" class=\"wp-image-370\" srcset=\"https:\/\/asneristennis.fr\/wp-content\/uploads\/2025\/06\/Michel_Albert.png 315w, https:\/\/asneristennis.fr\/wp-content\/uploads\/2025\/06\/Michel_Albert-300x290.png 300w\" sizes=\"auto, (max-width: 315px) 100vw, 315px\" \/><\/figure>\n\n\n\n<p>Pr\u00e9sident : Michel ALBERT au 06 65 49 57 37<\/p>\n\n\n\n<hr class=\"wp-block-separator has-alpha-channel-opacity\"\/>\n\n\n\n<figure class=\"wp-block-image size-full is-resized\"><img loading=\"lazy\" decoding=\"async\" width=\"594\" height=\"476\" src=\"https:\/\/asneristennis.fr\/wp-content\/uploads\/2025\/06\/Michel_An.png\" alt=\"\" class=\"wp-image-371\" style=\"width:347px;height:auto\" srcset=\"https:\/\/asneristennis.fr\/wp-content\/uploads\/2025\/06\/Michel_An.png 594w, https:\/\/asneristennis.fr\/wp-content\/uploads\/2025\/06\/Michel_An-300x240.png 300w\" sizes=\"auto, (max-width: 594px) 100vw, 594px\" \/><\/figure>\n\n\n\n<p>Secr\u00e9taire : Michel ANDRIEU au 06 32 94 86 96<\/p>\n\n\n\n<hr class=\"wp-block-separator has-alpha-channel-opacity\"\/>\n\n\n\n<figure class=\"wp-block-image size-full is-resized\"><img loading=\"lazy\" decoding=\"async\" width=\"346\" height=\"434\" src=\"https:\/\/asneristennis.fr\/wp-content\/uploads\/2025\/06\/M_Horvelin.png\" alt=\"\" class=\"wp-image-373\" style=\"width:349px;height:auto\" srcset=\"https:\/\/asneristennis.fr\/wp-content\/uploads\/2025\/06\/M_Horvelin.png 346w, https:\/\/asneristennis.fr\/wp-content\/uploads\/2025\/06\/M_Horvelin-239x300.png 239w\" sizes=\"auto, (max-width: 346px) 100vw, 346px\" \/><\/figure>\n\n\n\n<p>Tr\u00e9sori\u00e8re : Mich\u00e8le HORVELIN au 06 86 94 53 77<br><\/p>\n\n\n\n<p><\/p>\n","protected":false},"excerpt":{"rendered":"<p>Pr\u00e9sident : Michel ALBERT au 06 65 49 57 37 Secr\u00e9taire : Michel ANDRIEU au 06 32 94 86 96 Tr\u00e9sori\u00e8re : Mich\u00e8le HORVELIN au 06 86 94 53 77<\/p>\n","protected":false},"author":1,"featured_media":0,"parent":0,"menu_order":0,"comment_status":"closed","ping_status":"closed","template":"","meta":{"footnotes":""},"class_list":["post-347","page","type-page","status-publish","hentry"],"_links":{"self":[{"href":"https:\/\/asneristennis.fr\/index.php\/wp-json\/wp\/v2\/pages\/347","targetHints":{"allow":["GET"]}}],"collection":[{"href":"https:\/\/asneristennis.fr\/index.php\/wp-json\/wp\/v2\/pages"}],"about":[{"href":"https:\/\/asneristennis.fr\/index.php\/wp-json\/wp\/v2\/types\/page"}],"author":[{"embeddable":true,"href":"https:\/\/asneristennis.fr\/index.php\/wp-json\/wp\/v2\/users\/1"}],"replies":[{"embeddable":true,"href":"https:\/\/asneristennis.fr\/index.php\/wp-json\/wp\/v2\/comments?post=347"}],"version-history":[{"count":2,"href":"https:\/\/asneristennis.fr\/index.php\/wp-json\/wp\/v2\/pages\/347\/revisions"}],"predecessor-version":[{"id":374,"href":"https:\/\/asneristennis.fr\/index.php\/wp-json\/wp\/v2\/pages\/347\/revisions\/374"}],"wp:attachment":[{"href":"https:\/\/asneristennis.fr\/index.php\/wp-json\/wp\/v2\/media?parent=347"}],"curies":[{"name":"wp","href":"https:\/\/api.w.org\/{rel}","templated":true}]}}