{"id":345,"date":"2025-05-23T11:53:41","date_gmt":"2025-05-23T11:53:41","guid":{"rendered":"https:\/\/asneristennis.fr\/?page_id=345"},"modified":"2025-05-23T12:53:12","modified_gmt":"2025-05-23T12:53:12","slug":"installations-acces","status":"publish","type":"page","link":"https:\/\/asneristennis.fr\/index.php\/installations-acces\/","title":{"rendered":"Installations \/ Acc\u00e8s"},"content":{"rendered":"\n<p>Les installations du club sont r\u00e9parties sur deux sites :<\/p>\n\n\n\n<p><\/p>\n\n\n\n<div class=\"wp-block-columns has-medium-font-size is-layout-flex wp-container-core-columns-is-layout-76136483 wp-block-columns-is-layout-flex\" style=\"border-radius:0px;margin-top:0;margin-bottom:0;padding-top:0;padding-right:0;padding-bottom:0;padding-left:0\">\n<div class=\"wp-block-column is-layout-flow wp-container-core-column-is-layout-bf43075d wp-block-column-is-layout-flow\" style=\"padding-right:var(--wp--preset--spacing--10);padding-left:var(--wp--preset--spacing--10)\">\n<p>&#8211;\u00a0<strong>Site 1<\/strong>\u00a0:\u00a0<strong>situ\u00e9 en plein centre ville, Avenue Marx Dormoy,<\/strong>\u00a0en face de l&rsquo;office du tourisme et de la piscine municipale.\u00a0Le club y dispose de deux magnifiques courts de tennis en terre battue.<\/p>\n<\/div>\n\n\n\n<div class=\"wp-block-column is-layout-flow wp-block-column-is-layout-flow\">\n<figure class=\"wp-block-image size-full\"><img loading=\"lazy\" decoding=\"async\" width=\"1312\" height=\"600\" src=\"https:\/\/asneristennis.fr\/wp-content\/uploads\/2025\/05\/photo7.jpg\" alt=\"\" class=\"wp-image-359\" style=\"aspect-ratio:3\/2;object-fit:cover\" srcset=\"https:\/\/asneristennis.fr\/wp-content\/uploads\/2025\/05\/photo7.jpg 1312w, https:\/\/asneristennis.fr\/wp-content\/uploads\/2025\/05\/photo7-300x137.jpg 300w, https:\/\/asneristennis.fr\/wp-content\/uploads\/2025\/05\/photo7-1024x468.jpg 1024w, https:\/\/asneristennis.fr\/wp-content\/uploads\/2025\/05\/photo7-768x351.jpg 768w\" sizes=\"auto, (max-width: 1312px) 100vw, 1312px\" \/><\/figure>\n<\/div>\n<\/div>\n\n\n\n<p><\/p>\n\n\n\n<p>&#8211;&nbsp;<strong>Site 2&nbsp;<\/strong>:&nbsp;<strong>situ\u00e9 \u00e0&nbsp;la sortie de N\u00e9ris, sur la route de Villebret, \u00e0 proximit\u00e9 du Pavillon du Lac,&nbsp;<\/strong>ancienne gare r\u00e9habilit\u00e9e en espace de s\u00e9minaires. Le club y dispose de deux terrains ext\u00e9rieurs en b\u00e9ton poreux et d&rsquo;une salle comprenant un terrain en terre battue, de vestiaires et un club house.<\/p>\n\n\n\n\n\n<p>Au total le club dispose donc de 5 courts, 3 en terre battue dont un en salle, et deux en terrain poreux.<\/p>\n\n\n\n<p><\/p>\n","protected":false},"excerpt":{"rendered":"<p>Les installations du club sont r\u00e9parties sur deux sites : &#8211;\u00a0Site 1\u00a0:\u00a0situ\u00e9 en plein centre ville, Avenue Marx Dormoy,\u00a0en face de l&rsquo;office du tourisme et de la piscine municipale.\u00a0Le club y dispose de deux magnifiques courts de tennis en terre battue. &#8211;&nbsp;Site 2&nbsp;:&nbsp;situ\u00e9 \u00e0&nbsp;la sortie de N\u00e9ris, sur la route de Villebret, \u00e0 proximit\u00e9 du [&hellip;]<\/p>\n","protected":false},"author":1,"featured_media":0,"parent":0,"menu_order":0,"comment_status":"closed","ping_status":"closed","template":"","meta":{"footnotes":""},"class_list":["post-345","page","type-page","status-publish","hentry"],"_links":{"self":[{"href":"https:\/\/asneristennis.fr\/index.php\/wp-json\/wp\/v2\/pages\/345","targetHints":{"allow":["GET"]}}],"collection":[{"href":"https:\/\/asneristennis.fr\/index.php\/wp-json\/wp\/v2\/pages"}],"about":[{"href":"https:\/\/asneristennis.fr\/index.php\/wp-json\/wp\/v2\/types\/page"}],"author":[{"embeddable":true,"href":"https:\/\/asneristennis.fr\/index.php\/wp-json\/wp\/v2\/users\/1"}],"replies":[{"embeddable":true,"href":"https:\/\/asneristennis.fr\/index.php\/wp-json\/wp\/v2\/comments?post=345"}],"version-history":[{"count":2,"href":"https:\/\/asneristennis.fr\/index.php\/wp-json\/wp\/v2\/pages\/345\/revisions"}],"predecessor-version":[{"id":363,"href":"https:\/\/asneristennis.fr\/index.php\/wp-json\/wp\/v2\/pages\/345\/revisions\/363"}],"wp:attachment":[{"href":"https:\/\/asneristennis.fr\/index.php\/wp-json\/wp\/v2\/media?parent=345"}],"curies":[{"name":"wp","href":"https:\/\/api.w.org\/{rel}","templated":true}]}}