{"id":313,"date":"2025-04-25T17:24:58","date_gmt":"2025-04-25T17:24:58","guid":{"rendered":"https:\/\/asneristennis.fr\/?page_id=313"},"modified":"2025-04-25T17:24:58","modified_gmt":"2025-04-25T17:24:58","slug":"histoire-du-club","status":"publish","type":"page","link":"https:\/\/asneristennis.fr\/index.php\/histoire-du-club\/","title":{"rendered":"Histoire du club"},"content":{"rendered":"\n<p><strong><u>La fondation du club<\/u><\/strong><\/p>\n\n\n\n<p>La 27 juillet 1947 le Comit\u00e9 de direction de la FFLT (F\u00e9d\u00e9ration Fran\u00e7aise Lawn Tennis) ratifie l\u2019affiliation de l\u2019ASN Tennis. Andr\u00e9 Florentin en est le 1<sup>er<\/sup> Pr\u00e9sident. Le club est alors la section tennis d\u2019un club omnisports n\u00e9 le 1<sup>er<\/sup> juin 1922 dont les sections football et athl\u00e9tisme sont les autres composantes. Il compte 28 licenci\u00e9s. Il s\u2019installe sur les deux courts en terre battue que le nouveau propri\u00e9taire du Grand H\u00f4tel a c\u00e9d\u00e9s \u00e0 la Ville.<\/p>\n\n\n\n<figure class=\"wp-block-image size-full\"><img loading=\"lazy\" decoding=\"async\" width=\"834\" height=\"542\" src=\"https:\/\/asneristennis.fr\/wp-content\/uploads\/2025\/04\/image.png\" alt=\"\" class=\"wp-image-315\" srcset=\"https:\/\/asneristennis.fr\/wp-content\/uploads\/2025\/04\/image.png 834w, https:\/\/asneristennis.fr\/wp-content\/uploads\/2025\/04\/image-300x195.png 300w, https:\/\/asneristennis.fr\/wp-content\/uploads\/2025\/04\/image-768x499.png 768w\" sizes=\"auto, (max-width: 834px) 100vw, 834px\" \/><\/figure>\n\n\n\n<figure class=\"wp-block-image size-full\"><img loading=\"lazy\" decoding=\"async\" width=\"606\" height=\"361\" src=\"https:\/\/asneristennis.fr\/wp-content\/uploads\/2025\/04\/image-1.png\" alt=\"\" class=\"wp-image-316\" srcset=\"https:\/\/asneristennis.fr\/wp-content\/uploads\/2025\/04\/image-1.png 606w, https:\/\/asneristennis.fr\/wp-content\/uploads\/2025\/04\/image-1-300x179.png 300w\" sizes=\"auto, (max-width: 606px) 100vw, 606px\" \/><\/figure>\n\n\n\n<pre class=\"wp-block-verse has-small-font-size\"><em>On reconna\u00eet de gauche \u00e0 droite :\u00a0Debouts :\u00a0DEBARBAT, MEYRIEUX, PUGLIA, REVARDEAU, FLORENTIN, FLORET, MALOCHETBLANC.\u00a0Baiss\u00e9s :\u00a0RONFFET, Michel CATELIN, R\u00e9gine VERGNE, Jean Claude DE PIN, Melle REBIERE, Dr BARON.<\/em><\/pre>\n\n\n\n<p><strong><u>Les Pr\u00e9sident(e)s<\/u><\/strong><\/p>\n\n\n\n<p><strong>Andr\u00e9 Florentin<\/strong> de 1947 \u00e0 1955&nbsp;; <strong>Docteur Baron<\/strong> de 1955 \u00e0 1976&nbsp;<strong>; Jean Claude De Pin<\/strong>&nbsp; de 1976 \u00e0 1979&nbsp;<strong>; Guy Gibault <\/strong>&nbsp;de 1979 \u00e0 1985&nbsp;; <strong>Marie Fran\u00e7oise Rigaudi\u00e8re<\/strong> de 1985 \u00e0 1991&nbsp;; <strong>Michel Andrieu<\/strong> de 1991 \u00e0 2014&nbsp;; <strong>Emmanuel Cheville et Franck Lambert <\/strong>co-pr\u00e9sidents de 2014 \u00e0 2015&nbsp;; <strong>Franck Lambert <\/strong>de 2015 \u00e0 2016&nbsp;; &nbsp;<strong>Anne et Catherine Leroy &nbsp;<\/strong>co-pr\u00e9sidentes de 2016 \u00e0 2017 ;<strong>&nbsp; Catherine Leroy<\/strong> de 2017 \u00e0 2020&nbsp;; <strong>Michel Albert<\/strong> depuis octobre 2020<\/p>\n\n\n\n<p><strong><u>L\u2019\u00e9volution des \u00e9quipements<\/u><\/strong><\/p>\n\n\n\n<ul class=\"wp-block-list\">\n<li>Des vestiaires aux terres battues en 1968, compl\u00e9t\u00e9s en 1987.<\/li>\n\n\n\n<li>Deux porosols et un mur d\u2019entra\u00eenement pr\u00e8s du Pavillon du Lac au d\u00e9but des ann\u00e9es 1980.<\/li>\n\n\n\n<li>Le court couvert en 1990 (c\u2019est le plus de notre club\u00a0; hommage \u00e0 la Pr\u00e9sidente qui sut n\u00e9gocier avec la Municipalit\u00e9 d\u2019alors sa construction- le club, pendant 20 ans, a particip\u00e9 \u00e0 son financement-).<\/li>\n\n\n\n<li>Le club house du couvert en 1992 r\u00e9alis\u00e9 en grande partie par une dizaine de membres\u00a0dirig\u00e9s par Guy Poget et Michel Andrieu.<\/li>\n\n\n\n<li>L\u2019am\u00e9lioration des terres battues, si\u00e8ge du Grand Prix\u00a0: arrosage automatique en 1992 (sous la conduite de Georges Micheau), remplacement des grillages en 1999, prise en charge de leur r\u00e9fection par la Ville en 2000, remplacement des 120t de calcaire en 2003.<\/li>\n\n\n\n<li>Toujours aux terres battues, r\u00e9novation des vestiaires en 2004, construction d\u2019un appentis en 2005 et de la magnifique gloriette en 2006.<\/li>\n\n\n\n<li>R\u00e9novation des porosols en 2012 (d\u00e9sormais \u00ab\u00a0les bleus\u00a0\u00bb).<\/li>\n\n\n\n<li>Cr\u00e9ation d\u2019une baie vitr\u00e9e au club house du couvert et sa r\u00e9novation en 2013 \/ 2014.<\/li>\n\n\n\n<li>R\u00e9novation du \u00ab\u00a0bleu 2\u00a0\u00bb en 2024.<\/li>\n\n\n\n<li>Nouvel \u00e9clairage (LED) du court couvert en 2024.<\/li>\n<\/ul>\n\n\n\n<p><strong><u>Il faut le savoir<\/u><\/strong><\/p>\n\n\n\n<ul class=\"wp-block-list\">\n<li>Cinq moniteurs de tennis dipl\u00f4m\u00e9s d\u2019\u00e9tat (DE) en activit\u00e9 sont issus du club\u00a0: Thierry Gaume, Olivier Pernot, Olivier Brugi\u00e8re, Pierre Nicolas Gigon, Thomas Dalbin.<\/li>\n\n\n\n<li>Le tournoi d\u2019\u00e9t\u00e9, devenu en 1995, \u00ab\u00a0Grand Prix de Tennis de la Ville de N\u00e9ris les Bains\u00a0\u00bb, inscrit aux CNGT (Circuits Nationaux des Grands Tournois), orchestr\u00e9 par le juge arbitre et arbitre international Georges Micheau, a re\u00e7u (et parfois couronn\u00e9) de grands noms\u00a0: Marion Bartoli, Virginie Buisson, Aravane R\u00e9za\u00ef, Andre\u00ef Chesnokov, Antony Dupuis, Marc Gicquel, Rodolphe Gilbert, St\u00e9phane Huet\u2026<\/li>\n<\/ul>\n\n\n\n<p>L\u2019immense Roger Federer fut le parrain de l\u2019\u00e9dition 2006 (merci Jean-Pierre Dupont\u2026).<\/p>\n\n\n\n<ul class=\"wp-block-list\">\n<li>Le 29 juin 1997, \u00e0 l\u2019occasion de l\u2019anniversaire des 50 ans du club, le court couvert fut baptis\u00e9 \u00ab\u00a0Andr\u00e9 Florentin\u00a0\u00bb, nom du premier Pr\u00e9sident.<\/li>\n\n\n\n<li>A une \u00e9poque o\u00f9 la Ville ne disposait pas de structure ad\u00e9quate, ce court couvert fut par six fois am\u00e9nag\u00e9 et accueilli l\u2019\u00e9lection de Miss Auvergne et Genevi\u00e8ve de Fontenay en septembre 1996,97,98, un festival d\u2019accord\u00e9on en juin 99, la remise des r\u00e9compenses et le repas final d\u2019Equirando en septembre 2002 et 2003.<\/li>\n<\/ul>\n\n\n\n<hr class=\"wp-block-separator has-alpha-channel-opacity\"\/>\n\n\n\n<figure class=\"wp-block-gallery has-nested-images columns-default is-cropped wp-block-gallery-1 is-layout-flex wp-block-gallery-is-layout-flex\">\n<figure class=\"wp-block-image size-large\"><img loading=\"lazy\" decoding=\"async\" width=\"469\" height=\"322\" data-id=\"320\" src=\"https:\/\/asneristennis.fr\/wp-content\/uploads\/2025\/04\/image-5.png\" alt=\"\" class=\"wp-image-320\" srcset=\"https:\/\/asneristennis.fr\/wp-content\/uploads\/2025\/04\/image-5.png 469w, https:\/\/asneristennis.fr\/wp-content\/uploads\/2025\/04\/image-5-300x206.png 300w\" sizes=\"auto, (max-width: 469px) 100vw, 469px\" \/><\/figure>\n\n\n\n<figure class=\"wp-block-image size-large\"><img loading=\"lazy\" decoding=\"async\" width=\"470\" height=\"322\" data-id=\"321\" src=\"https:\/\/asneristennis.fr\/wp-content\/uploads\/2025\/04\/image-6.png\" alt=\"\" class=\"wp-image-321\" srcset=\"https:\/\/asneristennis.fr\/wp-content\/uploads\/2025\/04\/image-6.png 470w, https:\/\/asneristennis.fr\/wp-content\/uploads\/2025\/04\/image-6-300x206.png 300w\" sizes=\"auto, (max-width: 470px) 100vw, 470px\" \/><\/figure>\n<\/figure>\n\n\n\n<figure class=\"wp-block-image size-full\"><img loading=\"lazy\" decoding=\"async\" width=\"741\" height=\"1020\" src=\"https:\/\/asneristennis.fr\/wp-content\/uploads\/2025\/04\/image-10.png\" alt=\"\" class=\"wp-image-325\" srcset=\"https:\/\/asneristennis.fr\/wp-content\/uploads\/2025\/04\/image-10.png 741w, https:\/\/asneristennis.fr\/wp-content\/uploads\/2025\/04\/image-10-218x300.png 218w\" sizes=\"auto, (max-width: 741px) 100vw, 741px\" \/><\/figure>\n\n\n\n<hr class=\"wp-block-separator has-alpha-channel-opacity\"\/>\n","protected":false},"excerpt":{"rendered":"<p>La fondation du club La 27 juillet 1947 le Comit\u00e9 de direction de la FFLT (F\u00e9d\u00e9ration Fran\u00e7aise Lawn Tennis) ratifie l\u2019affiliation de l\u2019ASN Tennis. Andr\u00e9 Florentin en est le 1er Pr\u00e9sident. Le club est alors la section tennis d\u2019un club omnisports n\u00e9 le 1er juin 1922 dont les sections football et athl\u00e9tisme sont les autres [&hellip;]<\/p>\n","protected":false},"author":1,"featured_media":0,"parent":0,"menu_order":0,"comment_status":"closed","ping_status":"closed","template":"","meta":{"footnotes":""},"class_list":["post-313","page","type-page","status-publish","hentry"],"_links":{"self":[{"href":"https:\/\/asneristennis.fr\/index.php\/wp-json\/wp\/v2\/pages\/313","targetHints":{"allow":["GET"]}}],"collection":[{"href":"https:\/\/asneristennis.fr\/index.php\/wp-json\/wp\/v2\/pages"}],"about":[{"href":"https:\/\/asneristennis.fr\/index.php\/wp-json\/wp\/v2\/types\/page"}],"author":[{"embeddable":true,"href":"https:\/\/asneristennis.fr\/index.php\/wp-json\/wp\/v2\/users\/1"}],"replies":[{"embeddable":true,"href":"https:\/\/asneristennis.fr\/index.php\/wp-json\/wp\/v2\/comments?post=313"}],"version-history":[{"count":1,"href":"https:\/\/asneristennis.fr\/index.php\/wp-json\/wp\/v2\/pages\/313\/revisions"}],"predecessor-version":[{"id":326,"href":"https:\/\/asneristennis.fr\/index.php\/wp-json\/wp\/v2\/pages\/313\/revisions\/326"}],"wp:attachment":[{"href":"https:\/\/asneristennis.fr\/index.php\/wp-json\/wp\/v2\/media?parent=313"}],"curies":[{"name":"wp","href":"https:\/\/api.w.org\/{rel}","templated":true}]}}